{"id":82,"date":"2020-06-03T20:55:10","date_gmt":"2020-06-03T17:55:10","guid":{"rendered":"https:\/\/tayfakurs.com\/hakkimizda\/"},"modified":"2025-03-18T15:46:13","modified_gmt":"2025-03-18T12:46:13","slug":"hakkimizda","status":"publish","type":"page","link":"https:\/\/www.tayfakurs.com\/index.php\/hakkimizda\/","title":{"rendered":"Hakk\u0131m\u0131zda"},"content":{"rendered":"\r\n<figure class=\"wp-block-image size-large\"><img loading=\"lazy\" decoding=\"async\" class=\"wp-image-293 aligncenter\" src=\"https:\/\/www.tayfakurs.com\/wp-content\/uploads\/2024\/01\/SEFFAF-TAYFA-mavi-png-300x210.png\" alt=\"\" width=\"466\" height=\"326\" srcset=\"https:\/\/www.tayfakurs.com\/wp-content\/uploads\/2024\/01\/SEFFAF-TAYFA-mavi-png-300x210.png 300w, https:\/\/www.tayfakurs.com\/wp-content\/uploads\/2024\/01\/SEFFAF-TAYFA-mavi-png-1024x717.png 1024w, https:\/\/www.tayfakurs.com\/wp-content\/uploads\/2024\/01\/SEFFAF-TAYFA-mavi-png-768x538.png 768w, https:\/\/www.tayfakurs.com\/wp-content\/uploads\/2024\/01\/SEFFAF-TAYFA-mavi-png-1536x1075.png 1536w, https:\/\/www.tayfakurs.com\/wp-content\/uploads\/2024\/01\/SEFFAF-TAYFA-mavi-png-2048x1434.png 2048w\" sizes=\"auto, (max-width: 466px) 100vw, 466px\" \/><\/figure>\r\n\r\n\r\n\r\n<div class=\"wp-block-safirtema-mainheading singleHeading mainHeading\">\r\n<div class=\"inner\">\r\n<div class=\"icon safiricon\">\u00a0<\/div>\r\n<\/div>\r\n<\/div>\r\n<div class=\"safir-list\" data-col=\"1\">\r\n<p><strong>BiZ KiMiZ?<\/strong><\/p>\r\n<p>Bu hayatin bir yerinden tutmak ad\u0131na zekaya g\u00fcvenip \u00e7al\u0131\u015fmaya da inananlar\u0131z. Tayfam\u0131za, bildiklerimizi anlatma ate\u015fiyle kavrulan 20 y\u0131ll\u0131k dershanecilik k\u00fclt\u00fcr\u00fcn\u00fcn birikimiyle yola<\/p>\r\n<p>\u00e7\u0131kanlar\u0131z, \u00f6\u011frenciyi dershaneye g\u00f6nderip sorumlulu\u011fu bitti zanneden velilere\/ebeveynlere bizim<\/p>\r\n<p>sizinle isimiz hi\u00e7 bitmeyecek diyenleriz. Ayl\u0131k\/d\u00f6nemlik veli toplant\u0131lar\u0131nda siz velilerimize:<\/p>\r\n<p>&#8220;\u00c7ocu\u011funuz, \u00e7ok zeki ama \u00e7al\u0131\u015fm\u0131yor.&#8221; yerine daha fazla ilgilenmemiz gerekiyor diyenleriz. Siz<\/p>\r\n<p>inanmazsan\u0131z, biz g\u00fcvenmezsek asla ba\u015faramayaca\u011f\u0131m\u0131z\u0131 bilip \u00fcstelik ba\u015far\u0131dan ba\u015fka hedefi<\/p>\r\n<p>olmayanlar\u0131z. Fragmanda ne g\u00f6sterdiysek filmde iki katini vermeyi hedefleyenleriz. Mutlu ve huzurlu bir \u00f6\u011fretmenin mucizelerine g\u00fcvenenleriz.<\/p>\r\n<p><strong>iDDiALIYIZ!<\/strong><\/p>\r\n<p>35 g\u00fcnde temel matematik ve geometri!<\/p>\r\n<p>Nas\u0131l olur, diyenler duyuyoruz..<\/p>\r\n<p>Nas\u0131l mi? Y\u00f6ntemi biz biliyoruz, seninle payla\u015fmak istiyoruz..<\/p>\r\n<p>Endi\u015feli misin? Temeline g\u00fcvenmiyor musun? Matematikte iyi de\u011fil misin?..<\/p>\r\n<p>Panik yok.. Hepsini biz sana \u00f6\u011fretece\u011fiz..<\/p>\r\n<p>TYT-AYT&#8217;ye ba\u015flamak i\u00e7in gel yaz\u0131n\u0131 bizimle ge\u00e7ir..<\/p>\r\n<p>\u0130zleyici olma, gel yan\u0131m\u0131zda ol.<\/p>\r\n<p>\u00c7ok kolay olacak demiyoruz. Biz kendimizden eminiz.. sen de kendinden eminsen<\/p>\r\n<p>IYI BIR GELECEGIN KAPILARINI YAZIN ACTYORUZ.<\/p>\r\n<p>&nbsp;<\/p>\r\n<p><strong>\u00a0<\/strong><\/p>\r\n<p><strong>Ekip Arkada\u015flar\u0131m\u0131z<\/strong><\/p>\r\n<p>&nbsp;<\/p>\r\n<ul>\r\n<li>Hasan Adanur<\/li>\r\n<li>H\u00fcseyin Yavuz<\/li>\r\n<li>Asiye \u00c7ak\u0131r<\/li>\r\n<li>Okan Saylan<\/li>\r\n<li>Umut Can Demirta\u015f<\/li>\r\n<li>Adem Demir<\/li>\r\n<li>Neslihan Serdar \u0130skender<\/li>\r\n<li>Eda Co\u015fkun<\/li>\r\n<li>Adem Durmu\u015f<\/li>\r\n<li>\u0130rem \u00c7olak<\/li>\r\n<li>ve<\/li>\r\n<li>\u0130smail U\u011fur U\u011furlu<\/li>\r\n<\/ul>\r\n<\/div>\r\n\r\n\r\n\r\n<div class=\"wp-block-safirtema-sorucevap safir-faq\">\r\n<p class=\"answer\">\u00a0<\/p>\r\n<\/div>\r\n\r\n\r\n\r\n<p>&nbsp;<\/p>\r\n<div class=\"wp-block-columns\">\r\n<div class=\"wp-block-column\">\r\n<div class=\"wp-block-safirtema-mainheading singleHeading mainHeading\">\r\n<div class=\"inner\">\r\n<div class=\"text\">Misyonumuz<\/div>\r\n<\/div>\r\n<\/div>\r\n\r\n\r\n\r\n<p>\u00d6\u011frencilerin bireysel \u00f6zellik, ilgi, ihtiya\u00e7 ve beklentileri ile \u00fclkenin k\u00fcresel \u00f6l\u00e7ekteki stratejik \u00f6nceliklerini bir b\u00fct\u00fcn olarak ele alan bir \u00f6\u011frenme ekosistemi tasarlayarak bir yandan temel disiplinlerde \u00fcst d\u00fczey \u00f6\u011frenme becerileri edinme imk\u00e2n\u0131 sa\u011flayan, di\u011fer yandan da entelekt\u00fcel geli\u015fim f\u0131rsat\u0131 sunan ve bu \u015fekilde onlar\u0131 \u00fcst \u00f6\u011frenime ve hayata en iyi \u015fekilde haz\u0131rlayan bir orta\u00f6\u011fretim sistemini kurmak, geli\u015ftirmek ve s\u00fcrd\u00fcr\u00fclebilir k\u0131lmakt\u0131r.<\/p>\r\n<\/div>\r\n<!-- \/wp:post-content -->\r\n\r\n<!-- wp:column -->\r\n<div class=\"wp-block-column\"><!-- wp:safirtema\/mainheading {\"icon\":\"anlasma\",\"text\":\"Vizyonumuz\",\"className\":\"mainHeading\"} -->\r\n<div class=\"wp-block-safirtema-mainheading singleHeading mainHeading\">\r\n<div class=\"inner\">\r\n<div class=\"icon safiricon\">\u00a0<\/div>\r\n<div class=\"text\">Vizyonumuz<\/div>\r\n<\/div>\r\n<\/div>\r\n<!-- \/wp:safirtema\/mainheading -->\r\n\r\n<!-- wp:paragraph -->\r\n<div class=\"col-lg-12 \">\r\n<div class=\"content article-detay\">\r\n<p>Evrensel e\u011fitim ve \u00f6\u011fretim ilkeleri do\u011frultusunda bilgi temelli bir toplum i\u00e7in de\u011fi\u015fmeyi sa\u011flayacak mill\u00ee ve manev\u00ee de\u011ferlerle donanm\u0131\u015f ku\u015faklar yeti\u015ftirerek bilgi ve becerinin toplumsal refaha d\u00f6n\u00fc\u015fmesine \u00f6nc\u00fcl\u00fck eden bir kurum olmakt\u0131r.<\/p>\r\n<\/div>\r\n<\/div>\r\n<!-- \/wp:paragraph --><\/div>\r\n<!-- \/wp:column --><\/div>\r\n<!-- \/wp:columns -->","protected":false},"excerpt":{"rendered":"<p>\u00a0 &nbsp; Misyonumuz \u00d6\u011frencilerin bireysel \u00f6zellik, ilgi, ihtiya\u00e7 ve beklentileri ile \u00fclkenin k\u00fcresel \u00f6l\u00e7ekteki stratejik \u00f6nceliklerini bir b\u00fct\u00fcn olarak ele alan bir \u00f6\u011frenme ekosistemi tasarlayarak bir yandan temel disiplinlerde \u00fcst d\u00fczey \u00f6\u011frenme becerileri edinme imk\u00e2n\u0131 sa\u011flayan, di\u011fer yandan da entelekt\u00fcel geli\u015fim f\u0131rsat\u0131 sunan ve bu \u015fekilde onlar\u0131 \u00fcst \u00f6\u011frenime ve hayata en iyi \u015fekilde haz\u0131rlayan [&hellip;]<\/p>\n","protected":false},"author":1,"featured_media":0,"parent":0,"menu_order":0,"comment_status":"closed","ping_status":"closed","template":"","meta":{"footnotes":""},"class_list":["post-82","page","type-page","status-publish","hentry"],"aioseo_notices":[],"_links":{"self":[{"href":"https:\/\/www.tayfakurs.com\/index.php\/wp-json\/wp\/v2\/pages\/82","targetHints":{"allow":["GET"]}}],"collection":[{"href":"https:\/\/www.tayfakurs.com\/index.php\/wp-json\/wp\/v2\/pages"}],"about":[{"href":"https:\/\/www.tayfakurs.com\/index.php\/wp-json\/wp\/v2\/types\/page"}],"author":[{"embeddable":true,"href":"https:\/\/www.tayfakurs.com\/index.php\/wp-json\/wp\/v2\/users\/1"}],"replies":[{"embeddable":true,"href":"https:\/\/www.tayfakurs.com\/index.php\/wp-json\/wp\/v2\/comments?post=82"}],"version-history":[{"count":11,"href":"https:\/\/www.tayfakurs.com\/index.php\/wp-json\/wp\/v2\/pages\/82\/revisions"}],"predecessor-version":[{"id":342,"href":"https:\/\/www.tayfakurs.com\/index.php\/wp-json\/wp\/v2\/pages\/82\/revisions\/342"}],"wp:attachment":[{"href":"https:\/\/www.tayfakurs.com\/index.php\/wp-json\/wp\/v2\/media?parent=82"}],"curies":[{"name":"wp","href":"https:\/\/api.w.org\/{rel}","templated":true}]}}